{"id":39,"date":"2019-09-09T09:49:29","date_gmt":"2019-09-09T09:49:29","guid":{"rendered":"http:\/\/scoalachristianacraiova.eu\/?page_id=39"},"modified":"2025-12-08T14:09:11","modified_gmt":"2025-12-08T14:09:11","slug":"despre","status":"publish","type":"page","link":"https:\/\/scoalachristianacraiova.ro\/?page_id=39","title":{"rendered":"Despre noi"},"content":{"rendered":"<p><a href=\"https:\/\/scoalachristianacraiova.ro\/wp-content\/uploads\/2025\/12\/SPS-CHRISTIANA_PAS-2022-2027-ACTUALIZAT-2025-2026.pdf\"><strong>Plan de ac\u021biune al \u0219colii 2022-2027 pentru anul \u0219colar 2025-2026<\/strong><\/a><\/p>\n<p>\u0218coala Postliceal\u0103 Sanitar\u0103 \u201dCHRISTIANA\u201d este cea mai mare institu\u021bie de \u00eenv\u0103\u021b\u0103m\u00e2nt preuniversitar sanitar particular din Craiova, care preg\u0103te\u0219te \u00eenc\u0103 din anul 1992, asisten\u021bi medicali.<\/p>\n<p>\u0218coala func\u021bioneaz\u0103 \u00een municipiul Craiova, \u00een strada Mitropolitul Firmilian, nr.13, pozi\u021bionat\u0103 \u00een centrul ora\u0219ului \u0219i ofer\u0103 dou\u0103 calific\u0103ri cu acreditare ARACIP:<br \/>\n&#8211; ASISTENT MEDICAL GENERALIST<br \/>\n&#8211; ASISTENT MEDICAL DE FARMACIE<\/p>\n<p>Certificatul de Calificare Profesional\u0103 Nivel 5, ob\u021binut la finalizarea studiilor, este RECUNOSCUT INTERNA\u021aIONAL.<br \/>\nCalitatea actului educa\u021bional \u00een \u0218coala Postliceal\u0103 Sanitar\u0103 \u201dCHRISTIANA\u201d este certificat\u0103 prin:<br \/>\n&#8211; ACREDITAREA de c\u0103tre Ministerul Educa\u021biei Na\u021bionale prin OMECTS nr. 4939\/31.07.2012 pentru cele 2 calific\u0103ri- PARTENERIATELE EDUCA\u021aIONALE<br \/>\n&#8211; PROIECTELE EUROPENE<br \/>\n&#8211; PROGRAMUL DE CONSILIERE PENTRU ANGAJARE SI OFERTA LOCURILOR DE MUNC\u0102 \u00ceN \u021aAR\u0102 \u0218I \u00ceN EUROPA, imediat dup\u0103 finalizarea studiilor \u0219i alte beneficii asociate calit\u0103\u021bii educa\u021biei \u00een domeniul sanitar<\/p>\n<p>\u0218coala Postliceal\u0103 Sanitar\u0103 \u201dCHRISTIANA\u201d ofer\u0103 cea mai bun\u0103 op\u021biune pentru toti cei care au chemarea de a lucra cu oamenii \u00een domeniul medical \u0219i a face bine semenilor lor, pentru a-si urma voca\u021bia \u0219i a se preg\u0103ti la cel mai \u00eenalt nivel!<\/p>\n<p>Ofera oportunitatea de a urma:<br \/>\n&#8211; Programe de preg\u0103tire conforme unui curriculum european<br \/>\n&#8211; Stagii de practic\u0103 \u00een cele mai bune spitale din Craiova: Spitalul Clinic Jude\u021bean de Urgen\u0163\u0103, Spitalul de Boli Infec\u0163ioase \u201eVictor Babe\u015f\u201d; Spitalul Clinic de Neuropsihiatrie<br \/>\n&#8211; Stagii de preg\u0103tire clinic\u0103 \u00een str\u0103in\u0103tate prin programe \u0219i proiecte europene<\/p>\n","protected":false},"excerpt":{"rendered":"<p>Plan de ac\u021biune al \u0219colii 2022-2027 pentru anul \u0219colar 2025-2026 \u0218coala Postliceal\u0103 Sanitar\u0103 \u201dCHRISTIANA\u201d este cea mai mare institu\u021bie de \u00eenv\u0103\u021b\u0103m\u00e2nt preuniversitar sanitar particular din Craiova, care preg\u0103te\u0219te \u00eenc\u0103 din anul 1992,<a class=\"moretag\" href=\"https:\/\/scoalachristianacraiova.ro\/?page_id=39\">Read More&#8230;<\/a><\/p>\n","protected":false},"author":2,"featured_media":0,"parent":0,"menu_order":0,"comment_status":"closed","ping_status":"closed","template":"","meta":{"footnotes":""},"class_list":["post-39","page","type-page","status-publish","hentry"],"_links":{"self":[{"href":"https:\/\/scoalachristianacraiova.ro\/index.php?rest_route=\/wp\/v2\/pages\/39","targetHints":{"allow":["GET"]}}],"collection":[{"href":"https:\/\/scoalachristianacraiova.ro\/index.php?rest_route=\/wp\/v2\/pages"}],"about":[{"href":"https:\/\/scoalachristianacraiova.ro\/index.php?rest_route=\/wp\/v2\/types\/page"}],"author":[{"embeddable":true,"href":"https:\/\/scoalachristianacraiova.ro\/index.php?rest_route=\/wp\/v2\/users\/2"}],"replies":[{"embeddable":true,"href":"https:\/\/scoalachristianacraiova.ro\/index.php?rest_route=%2Fwp%2Fv2%2Fcomments&post=39"}],"version-history":[{"count":5,"href":"https:\/\/scoalachristianacraiova.ro\/index.php?rest_route=\/wp\/v2\/pages\/39\/revisions"}],"predecessor-version":[{"id":296,"href":"https:\/\/scoalachristianacraiova.ro\/index.php?rest_route=\/wp\/v2\/pages\/39\/revisions\/296"}],"wp:attachment":[{"href":"https:\/\/scoalachristianacraiova.ro\/index.php?rest_route=%2Fwp%2Fv2%2Fmedia&parent=39"}],"curies":[{"name":"wp","href":"https:\/\/api.w.org\/{rel}","templated":true}]}}